{"id":1777,"date":"2021-04-06T12:49:58","date_gmt":"2021-04-06T12:49:58","guid":{"rendered":"https:\/\/vestackemusice.com\/?page_id=1777"},"modified":"2021-04-12T18:05:14","modified_gmt":"2021-04-12T18:05:14","slug":"materijali","status":"publish","type":"page","link":"https:\/\/vestackemusice.com\/en\/materijali\/","title":{"rendered":"Materials"},"content":{"rendered":"<div data-elementor-type=\"wp-page\" data-elementor-id=\"1777\" class=\"elementor elementor-1777\">\n\t\t\t\t\t\t<section class=\"elementor-section elementor-top-section elementor-element elementor-element-d73fdf9 elementor-section-boxed elementor-section-height-default elementor-section-height-default\" data-id=\"d73fdf9\" data-element_type=\"section\" data-e-type=\"section\">\n\t\t\t\t\t\t<div class=\"elementor-container elementor-column-gap-default\">\n\t\t\t\t\t<div class=\"elementor-column elementor-col-100 elementor-top-column elementor-element elementor-element-c14bd41\" data-id=\"c14bd41\" data-element_type=\"column\" data-e-type=\"column\">\n\t\t\t<div class=\"elementor-widget-wrap elementor-element-populated\">\n\t\t\t\t\t\t\t<\/div>\n\t\t<\/div>\n\t\t\t\t\t<\/div>\n\t\t<\/section>\n\t\t\t\t<section class=\"elementor-section elementor-top-section elementor-element elementor-element-487d00b elementor-section-boxed elementor-section-height-default elementor-section-height-default\" data-id=\"487d00b\" data-element_type=\"section\" data-e-type=\"section\">\n\t\t\t\t\t\t<div class=\"elementor-container elementor-column-gap-default\">\n\t\t\t\t\t<div class=\"elementor-column elementor-col-100 elementor-top-column elementor-element elementor-element-003fb44\" data-id=\"003fb44\" data-element_type=\"column\" data-e-type=\"column\">\n\t\t\t<div class=\"elementor-widget-wrap elementor-element-populated\">\n\t\t\t\t\t\t<div class=\"elementor-element elementor-element-1fda3ea elementor-widget elementor-widget-text-editor\" data-id=\"1fda3ea\" data-element_type=\"widget\" data-e-type=\"widget\" data-widget_type=\"text-editor.default\">\n\t\t\t\t<div class=\"elementor-widget-container\">\n\t\t\t\t\t\t\t\t\t<p>\u00a0<\/p><h2 style=\"text-transform: none;\">Fly Tying materials - a key part of every fly!<\/h2>\t\t\t\t\t\t\t\t<\/div>\n\t\t\t\t<\/div>\n\t\t\t\t\t<\/div>\n\t\t<\/div>\n\t\t\t\t\t<\/div>\n\t\t<\/section>\n\t\t\t\t<section class=\"elementor-section elementor-top-section elementor-element elementor-element-b4cad6f elementor-section-boxed elementor-section-height-default elementor-section-height-default\" data-id=\"b4cad6f\" data-element_type=\"section\" data-e-type=\"section\">\n\t\t\t\t\t\t<div class=\"elementor-container elementor-column-gap-default\">\n\t\t\t\t\t<div class=\"elementor-column elementor-col-50 elementor-top-column elementor-element elementor-element-5e8ccb9\" data-id=\"5e8ccb9\" data-element_type=\"column\" data-e-type=\"column\">\n\t\t\t<div class=\"elementor-widget-wrap elementor-element-populated\">\n\t\t\t\t\t\t<div class=\"elementor-element elementor-element-3cc5840 elementor-widget elementor-widget-text-editor\" data-id=\"3cc5840\" data-element_type=\"widget\" data-e-type=\"widget\" data-widget_type=\"text-editor.default\">\n\t\t\t\t<div class=\"elementor-widget-container\">\n\t\t\t\t\t\t\t\t\t<p style=\"font-size: 17px; font-style: normal; font-weight: 400;\">A few decades ago, fly tying was much simpler, almost 95% of all materials were  natural materials. \nNowadays, things have changed drastically and the use of synthetic and artifical materials is increasingly present in the fly tying world.\n Every season at various international fly tying fairs, we can notice various new materials from the fly tying industry that are 100% synthetic and artificial, which does not mean that it is a bad thing, but a trend that has followed the fly tying industry for the last couple of decades.<\/p>\t\t\t\t\t\t\t\t<\/div>\n\t\t\t\t<\/div>\n\t\t\t\t\t<\/div>\n\t\t<\/div>\n\t\t\t\t<div class=\"elementor-column elementor-col-50 elementor-top-column elementor-element elementor-element-7a445f2\" data-id=\"7a445f2\" data-element_type=\"column\" data-e-type=\"column\">\n\t\t\t<div class=\"elementor-widget-wrap elementor-element-populated\">\n\t\t\t\t\t\t<div class=\"elementor-element elementor-element-6eaf629 elementor-widget elementor-widget-image\" data-id=\"6eaf629\" data-element_type=\"widget\" data-e-type=\"widget\" data-widget_type=\"image.default\">\n\t\t\t\t<div class=\"elementor-widget-container\">\n\t\t\t\t\t\t\t\t\t\t\t\t\t\t\t<img fetchpriority=\"high\" decoding=\"async\" width=\"2560\" height=\"1365\" src=\"https:\/\/vestackemusice.com\/wp-content\/uploads\/2021\/04\/Materijali-i-udice..-scaled.jpeg\" class=\"attachment-full size-full wp-image-2143\" alt=\"\" srcset=\"https:\/\/vestackemusice.com\/wp-content\/uploads\/2021\/04\/Materijali-i-udice..-scaled.jpeg 2560w, https:\/\/vestackemusice.com\/wp-content\/uploads\/2021\/04\/Materijali-i-udice..-300x160.jpeg 300w, https:\/\/vestackemusice.com\/wp-content\/uploads\/2021\/04\/Materijali-i-udice..-1024x546.jpeg 1024w, https:\/\/vestackemusice.com\/wp-content\/uploads\/2021\/04\/Materijali-i-udice..-768x410.jpeg 768w, https:\/\/vestackemusice.com\/wp-content\/uploads\/2021\/04\/Materijali-i-udice..-1536x819.jpeg 1536w, https:\/\/vestackemusice.com\/wp-content\/uploads\/2021\/04\/Materijali-i-udice..-2048x1092.jpeg 2048w, https:\/\/vestackemusice.com\/wp-content\/uploads\/2021\/04\/Materijali-i-udice..-16x9.jpeg 16w, https:\/\/vestackemusice.com\/wp-content\/uploads\/2021\/04\/Materijali-i-udice..-600x320.jpeg 600w\" sizes=\"(max-width: 2560px) 100vw, 2560px\" \/>\t\t\t\t\t\t\t\t\t\t\t\t\t\t\t<\/div>\n\t\t\t\t<\/div>\n\t\t\t\t\t<\/div>\n\t\t<\/div>\n\t\t\t\t\t<\/div>\n\t\t<\/section>\n\t\t\t\t<section class=\"elementor-section elementor-top-section elementor-element elementor-element-1b31fe1 elementor-section-boxed elementor-section-height-default elementor-section-height-default\" data-id=\"1b31fe1\" data-element_type=\"section\" data-e-type=\"section\">\n\t\t\t\t\t\t<div class=\"elementor-container elementor-column-gap-default\">\n\t\t\t\t\t<div class=\"elementor-column elementor-col-100 elementor-top-column elementor-element elementor-element-273da4a\" data-id=\"273da4a\" data-element_type=\"column\" data-e-type=\"column\">\n\t\t\t<div class=\"elementor-widget-wrap elementor-element-populated\">\n\t\t\t\t\t\t<div class=\"elementor-element elementor-element-1e75564 elementor-widget elementor-widget-text-editor\" data-id=\"1e75564\" data-element_type=\"widget\" data-e-type=\"widget\" data-widget_type=\"text-editor.default\">\n\t\t\t\t<div class=\"elementor-widget-container\">\n\t\t\t\t\t\t\t\t\t<p style=\"font-size: 17px; font-style: normal; font-weight: 400;\">In terms of materials that we use in our workshop  we try to provide our clients whith highest quality flies posible made whith the highest quality materials.<\/p><p><em>Occasionally we have surpluses of certain materials in the workshop, so if you are interested in some of the materials for fly tying please contact us for details.<\/em><\/p><p>\u00a0<\/p>\t\t\t\t\t\t\t\t<\/div>\n\t\t\t\t<\/div>\n\t\t\t\t\t<\/div>\n\t\t<\/div>\n\t\t\t\t\t<\/div>\n\t\t<\/section>\n\t\t\t\t<\/div>","protected":false},"excerpt":{"rendered":"<p>\u00a0 Materijali \u2013 klju\u010dan deo svake ve\u0161ta\u010dke mu\u0161ice! Pre nekoliko decenija samo vezivanje ve\u0161ta\u010dkih mu\u0161ica je bilo dosta jednostavnije, koristili su se skoro 95% prirodni materijali, materijale koje nam je priroda sama dala u obliku raznih krzna\u0161ica, ptica i ve\u0107ih divljih i doma\u0107ih \u017eivotinja. U dana\u0161nje vreme stvari su se drasti\u010dno promenile i primena sinteti\u010dkih [&hellip;]<\/p>\n","protected":false},"author":1,"featured_media":0,"parent":0,"menu_order":0,"comment_status":"closed","ping_status":"closed","template":"","meta":{"site-sidebar-layout":"no-sidebar","site-content-layout":"page-builder","ast-site-content-layout":"default","site-content-style":"default","site-sidebar-style":"default","ast-global-header-display":"","ast-banner-title-visibility":"","ast-main-header-display":"","ast-hfb-above-header-display":"","ast-hfb-below-header-display":"","ast-hfb-mobile-header-display":"","site-post-title":"disabled","ast-breadcrumbs-content":"","ast-featured-img":"disabled","footer-sml-layout":"","ast-disable-related-posts":"","theme-transparent-header-meta":"","adv-header-id-meta":"","stick-header-meta":"","header-above-stick-meta":"","header-main-stick-meta":"","header-below-stick-meta":"","astra-migrate-meta-layouts":"default","ast-page-background-enabled":"default","ast-page-background-meta":{"desktop":{"background-color":"","background-image":"","background-repeat":"repeat","background-position":"center center","background-size":"auto","background-attachment":"scroll","background-type":"","background-media":"","overlay-type":"","overlay-color":"","overlay-opacity":"","overlay-gradient":""},"tablet":{"background-color":"","background-image":"","background-repeat":"repeat","background-position":"center center","background-size":"auto","background-attachment":"scroll","background-type":"","background-media":"","overlay-type":"","overlay-color":"","overlay-opacity":"","overlay-gradient":""},"mobile":{"background-color":"","background-image":"","background-repeat":"repeat","background-position":"center center","background-size":"auto","background-attachment":"scroll","background-type":"","background-media":"","overlay-type":"","overlay-color":"","overlay-opacity":"","overlay-gradient":""}},"ast-content-background-meta":{"desktop":{"background-color":"var(--ast-global-color-5)","background-image":"","background-repeat":"repeat","background-position":"center center","background-size":"auto","background-attachment":"scroll","background-type":"","background-media":"","overlay-type":"","overlay-color":"","overlay-opacity":"","overlay-gradient":""},"tablet":{"background-color":"var(--ast-global-color-5)","background-image":"","background-repeat":"repeat","background-position":"center center","background-size":"auto","background-attachment":"scroll","background-type":"","background-media":"","overlay-type":"","overlay-color":"","overlay-opacity":"","overlay-gradient":""},"mobile":{"background-color":"var(--ast-global-color-5)","background-image":"","background-repeat":"repeat","background-position":"center center","background-size":"auto","background-attachment":"scroll","background-type":"","background-media":"","overlay-type":"","overlay-color":"","overlay-opacity":"","overlay-gradient":""}},"footnotes":""},"class_list":["post-1777","page","type-page","status-publish","hentry"],"_links":{"self":[{"href":"https:\/\/vestackemusice.com\/en\/wp-json\/wp\/v2\/pages\/1777","targetHints":{"allow":["GET"]}}],"collection":[{"href":"https:\/\/vestackemusice.com\/en\/wp-json\/wp\/v2\/pages"}],"about":[{"href":"https:\/\/vestackemusice.com\/en\/wp-json\/wp\/v2\/types\/page"}],"author":[{"embeddable":true,"href":"https:\/\/vestackemusice.com\/en\/wp-json\/wp\/v2\/users\/1"}],"replies":[{"embeddable":true,"href":"https:\/\/vestackemusice.com\/en\/wp-json\/wp\/v2\/comments?post=1777"}],"version-history":[{"count":40,"href":"https:\/\/vestackemusice.com\/en\/wp-json\/wp\/v2\/pages\/1777\/revisions"}],"predecessor-version":[{"id":2437,"href":"https:\/\/vestackemusice.com\/en\/wp-json\/wp\/v2\/pages\/1777\/revisions\/2437"}],"wp:attachment":[{"href":"https:\/\/vestackemusice.com\/en\/wp-json\/wp\/v2\/media?parent=1777"}],"curies":[{"name":"wp","href":"https:\/\/api.w.org\/{rel}","templated":true}]}}