{"id":1818,"date":"2021-04-06T13:17:13","date_gmt":"2021-04-06T13:17:13","guid":{"rendered":"https:\/\/vestackemusice.com\/?page_id=1818"},"modified":"2021-04-06T18:16:51","modified_gmt":"2021-04-06T18:16:51","slug":"pocetna","status":"publish","type":"page","link":"https:\/\/vestackemusice.com\/en\/","title":{"rendered":"Home"},"content":{"rendered":"<div data-elementor-type=\"wp-page\" data-elementor-id=\"1818\" class=\"elementor elementor-1818\">\n\t\t\t\t\t\t<section class=\"elementor-section elementor-top-section elementor-element elementor-element-65d4423 elementor-section-boxed elementor-section-height-default elementor-section-height-default\" data-id=\"65d4423\" data-element_type=\"section\" data-e-type=\"section\">\n\t\t\t\t\t\t<div class=\"elementor-container elementor-column-gap-default\">\n\t\t\t\t\t<div class=\"elementor-column elementor-col-100 elementor-top-column elementor-element elementor-element-e8196cc\" data-id=\"e8196cc\" data-element_type=\"column\" data-e-type=\"column\">\n\t\t\t<div class=\"elementor-widget-wrap elementor-element-populated\">\n\t\t\t\t\t\t<div class=\"elementor-element elementor-element-4f62558 elementor-pagination-position-outside elementor-widget elementor-widget-image-carousel\" data-id=\"4f62558\" data-element_type=\"widget\" data-e-type=\"widget\" data-settings=\"{&quot;slides_to_show&quot;:&quot;1&quot;,&quot;navigation&quot;:&quot;dots&quot;,&quot;effect&quot;:&quot;fade&quot;,&quot;autoplay&quot;:&quot;yes&quot;,&quot;pause_on_hover&quot;:&quot;yes&quot;,&quot;pause_on_interaction&quot;:&quot;yes&quot;,&quot;autoplay_speed&quot;:5000,&quot;infinite&quot;:&quot;yes&quot;,&quot;speed&quot;:500}\" data-widget_type=\"image-carousel.default\">\n\t\t\t\t<div class=\"elementor-widget-container\">\n\t\t\t\t\t\t\t<div class=\"elementor-image-carousel-wrapper swiper\" role=\"region\" aria-roledescription=\"carousel\" aria-label=\"Image Carousel\" dir=\"ltr\">\n\t\t\t<div class=\"elementor-image-carousel swiper-wrapper\" aria-live=\"off\">\n\t\t\t\t\t\t\t\t<div class=\"swiper-slide\" role=\"group\" aria-roledescription=\"slide\" aria-label=\"1 of 5\" data-no-translation-aria-label=\"\"><figure class=\"swiper-slide-inner\"><img decoding=\"async\" class=\"swiper-slide-image\" src=\"https:\/\/vestackemusice.com\/wp-content\/uploads\/2021\/04\/ic1.png\" alt=\"ic1\" \/><\/figure><\/div><div class=\"swiper-slide\" role=\"group\" aria-roledescription=\"slide\" aria-label=\"2 of 5\" data-no-translation-aria-label=\"\"><figure class=\"swiper-slide-inner\"><img decoding=\"async\" class=\"swiper-slide-image\" src=\"https:\/\/vestackemusice.com\/wp-content\/uploads\/2021\/04\/ic2.png\" alt=\"ic2\" \/><\/figure><\/div><div class=\"swiper-slide\" role=\"group\" aria-roledescription=\"slide\" aria-label=\"3 of 5\" data-no-translation-aria-label=\"\"><figure class=\"swiper-slide-inner\"><img decoding=\"async\" class=\"swiper-slide-image\" src=\"https:\/\/vestackemusice.com\/wp-content\/uploads\/2021\/04\/ic3.png\" alt=\"ic3\" \/><\/figure><\/div><div class=\"swiper-slide\" role=\"group\" aria-roledescription=\"slide\" aria-label=\"4 of 5\" data-no-translation-aria-label=\"\"><figure class=\"swiper-slide-inner\"><img decoding=\"async\" class=\"swiper-slide-image\" src=\"https:\/\/vestackemusice.com\/wp-content\/uploads\/2021\/04\/ic4.png\" alt=\"ic4\" \/><\/figure><\/div><div class=\"swiper-slide\" role=\"group\" aria-roledescription=\"slide\" aria-label=\"5 of 5\" data-no-translation-aria-label=\"\"><figure class=\"swiper-slide-inner\"><img decoding=\"async\" class=\"swiper-slide-image\" src=\"https:\/\/vestackemusice.com\/wp-content\/uploads\/2021\/04\/ic5.png\" alt=\"ic5\" \/><\/figure><\/div>\t\t\t<\/div>\n\t\t\t\t\t\t\t\n\t\t\t\t\t\t\t\t\t<div class=\"swiper-pagination\"><\/div>\n\t\t\t\t\t\t\t\t\t<\/div>\n\t\t\t\t\t\t<\/div>\n\t\t\t\t<\/div>\n\t\t\t\t\t<\/div>\n\t\t<\/div>\n\t\t\t\t\t<\/div>\n\t\t<\/section>\n\t\t\t\t<section class=\"elementor-section elementor-top-section elementor-element elementor-element-8987f9c elementor-section-boxed elementor-section-height-default elementor-section-height-default\" data-id=\"8987f9c\" data-element_type=\"section\" data-e-type=\"section\">\n\t\t\t\t\t\t<div class=\"elementor-container elementor-column-gap-default\">\n\t\t\t\t\t<div class=\"elementor-column elementor-col-100 elementor-top-column elementor-element elementor-element-ae5f196\" data-id=\"ae5f196\" data-element_type=\"column\" data-e-type=\"column\">\n\t\t\t<div class=\"elementor-widget-wrap elementor-element-populated\">\n\t\t\t\t\t\t<div class=\"elementor-element elementor-element-b97bf02 elementor-widget elementor-widget-text-editor\" data-id=\"b97bf02\" data-element_type=\"widget\" data-e-type=\"widget\" data-widget_type=\"text-editor.default\">\n\t\t\t\t<div class=\"elementor-widget-container\">\n\t\t\t\t\t\t\t\t\t<h3><span style=\"white-space: pre-wrap; text-transform: none;\">How to start a story about something that was created out of love for this beautiful hobby, which eventually grew into a business? <\/span><\/h3><p><span style=\"white-space: pre-wrap;\"><br \/>It all started back in 2000\/01, when I first attended a fly-tying class, which was organized by fly fishing organization \"South Morava\" from Vranje (my hometown). I then saw the president of fly fishing organization of \"South Morava\" (now my very good friend) tying a very simple \"black ant\", and I was mesmerized! At only 15 years of age, I focused all my energy on getting the basic tools and created a home made workshop. At that time there was no specialized shops for fly fishing or fly tying materials and as a result it was very hard to get all the necessities. Despite the setbacks, with a lot of will power I was able to collect everything that I needed to enter the magical world of fly-tying.<\/span><\/p><p>A couple of year later, in 2003, I had a conversation with the owner of a fishing store in Vranje. I concluded that he did not have a stable and high-quality source of artificial flies, and the demand for them and popularization of fly fishing was going uphill. Just two minutes later the first order of my artificial flies was under way!<\/p><p>The volume of business was constantly growing, and with the ability to reach all potential customers as our primary goal, the only option was to go on line . In December 2010 we registered the Internet domain www.vestackemusice.com, but because of my journey to America at this time, we were unable to achieve all our plans that same year. However in 2011, we continued where we had left off. Much more skillful at this time, and with much more enthusiasm and experience we continued creating internet presentations, which would enable our current and future customers to easily navigate through the various groups of artificial flies, and make a selection, giving them a fast and simple way to purchase high-quality artificial flies. <a href=\"https:\/\/vestackemusice.com\/en\/\">www.vestackemusice.com<\/a>Because of my journey to America at this time, we were unable to achieve all our plans that same year. However in 2011, we continued where we had left off. Much more skillful at this time, and with much more enthusiasm and experience we continued creating internet presentations, which would enable our current and future customers to easily navigate through the various groups of artificial flies, and make a selection, giving them a fast and simple way to purchase high-quality artificial flies.<\/p><p>From the very first fly sold, up until today,  our range of flies has only been growing! On our web page www.vestackemusice.com we display flies that are highly evaluated and subsequently proven in fishing on a variety of rivers and lakes. To create our flies we use only high quality domestic and import brands, we believe that is the only way to create high quality and very long-lasting artificial flies.<\/p><p>Also we would loved to address you fly-fishermen, who do not tie your own flies, but do have ideas and a vision as to what flies would be best suited for your local rivers \/ lakes. We openly accept any suggestion and proposals that you have, so that we may provide you with fishable and high quality flies, ensuring every moment you spend on the water, will be a moment to remember!<\/p><p class=\"translation-block\">In front of workshop \"Rooster fly\" and web page www.vestackemusice.com, best regards!<\/p><p>Bistro!<br \/><a href=\"https:\/\/www.facebook.com\/profile.php?id=1075510272\" target=\"_blank\" rel=\"noopener\">Marko Ma\u0161i\u0107<\/a><\/p><p>\u00a0<\/p>\t\t\t\t\t\t\t\t<\/div>\n\t\t\t\t<\/div>\n\t\t\t\t\t<\/div>\n\t\t<\/div>\n\t\t\t\t\t<\/div>\n\t\t<\/section>\n\t\t\t\t<\/div>","protected":false},"excerpt":{"rendered":"<p>Kako po\u010deti pri\u010du o ne\u010demu \u0161to je nastalo iz ljubavi prema ovom prelepom hobiju, koji je vremenom prerastao u posao? Po\u010de\u0107emo redom &#8211; sve je po\u010delo jo\u0161 davne 2000\/01, kada sam prvi put prisustvovao \u010dasu fly tying-a u organizaciji mu\u0161i\u010darske sekcije \u201cJu\u017ena Morava\u201d iz Vranja. Tada sam video kako tada\u0161nji predsednik Mu\u0161i\u010darske sekcije \u201cJu\u017ena Morava\u201d, [&hellip;]<\/p>\n","protected":false},"author":1,"featured_media":0,"parent":0,"menu_order":0,"comment_status":"closed","ping_status":"closed","template":"","meta":{"site-sidebar-layout":"no-sidebar","site-content-layout":"page-builder","ast-site-content-layout":"default","site-content-style":"default","site-sidebar-style":"default","ast-global-header-display":"","ast-banner-title-visibility":"","ast-main-header-display":"","ast-hfb-above-header-display":"","ast-hfb-below-header-display":"","ast-hfb-mobile-header-display":"","site-post-title":"disabled","ast-breadcrumbs-content":"","ast-featured-img":"disabled","footer-sml-layout":"","ast-disable-related-posts":"","theme-transparent-header-meta":"default","adv-header-id-meta":"","stick-header-meta":"","header-above-stick-meta":"","header-main-stick-meta":"","header-below-stick-meta":"","astra-migrate-meta-layouts":"default","ast-page-background-enabled":"default","ast-page-background-meta":{"desktop":{"background-color":"","background-image":"","background-repeat":"repeat","background-position":"center center","background-size":"auto","background-attachment":"scroll","background-type":"","background-media":"","overlay-type":"","overlay-color":"","overlay-opacity":"","overlay-gradient":""},"tablet":{"background-color":"","background-image":"","background-repeat":"repeat","background-position":"center center","background-size":"auto","background-attachment":"scroll","background-type":"","background-media":"","overlay-type":"","overlay-color":"","overlay-opacity":"","overlay-gradient":""},"mobile":{"background-color":"","background-image":"","background-repeat":"repeat","background-position":"center center","background-size":"auto","background-attachment":"scroll","background-type":"","background-media":"","overlay-type":"","overlay-color":"","overlay-opacity":"","overlay-gradient":""}},"ast-content-background-meta":{"desktop":{"background-color":"var(--ast-global-color-5)","background-image":"","background-repeat":"repeat","background-position":"center center","background-size":"auto","background-attachment":"scroll","background-type":"","background-media":"","overlay-type":"","overlay-color":"","overlay-opacity":"","overlay-gradient":""},"tablet":{"background-color":"var(--ast-global-color-5)","background-image":"","background-repeat":"repeat","background-position":"center center","background-size":"auto","background-attachment":"scroll","background-type":"","background-media":"","overlay-type":"","overlay-color":"","overlay-opacity":"","overlay-gradient":""},"mobile":{"background-color":"var(--ast-global-color-5)","background-image":"","background-repeat":"repeat","background-position":"center center","background-size":"auto","background-attachment":"scroll","background-type":"","background-media":"","overlay-type":"","overlay-color":"","overlay-opacity":"","overlay-gradient":""}},"footnotes":""},"class_list":["post-1818","page","type-page","status-publish","hentry"],"_links":{"self":[{"href":"https:\/\/vestackemusice.com\/en\/wp-json\/wp\/v2\/pages\/1818","targetHints":{"allow":["GET"]}}],"collection":[{"href":"https:\/\/vestackemusice.com\/en\/wp-json\/wp\/v2\/pages"}],"about":[{"href":"https:\/\/vestackemusice.com\/en\/wp-json\/wp\/v2\/types\/page"}],"author":[{"embeddable":true,"href":"https:\/\/vestackemusice.com\/en\/wp-json\/wp\/v2\/users\/1"}],"replies":[{"embeddable":true,"href":"https:\/\/vestackemusice.com\/en\/wp-json\/wp\/v2\/comments?post=1818"}],"version-history":[{"count":64,"href":"https:\/\/vestackemusice.com\/en\/wp-json\/wp\/v2\/pages\/1818\/revisions"}],"predecessor-version":[{"id":2394,"href":"https:\/\/vestackemusice.com\/en\/wp-json\/wp\/v2\/pages\/1818\/revisions\/2394"}],"wp:attachment":[{"href":"https:\/\/vestackemusice.com\/en\/wp-json\/wp\/v2\/media?parent=1818"}],"curies":[{"name":"wp","href":"https:\/\/api.w.org\/{rel}","templated":true}]}}